{"id":677,"date":"2015-08-12T17:40:05","date_gmt":"2015-08-12T15:40:05","guid":{"rendered":"https:\/\/matthiasromir.de\/en\/?page_id=677"},"modified":"2015-12-10T03:52:53","modified_gmt":"2015-12-10T01:52:53","slug":"references","status":"publish","type":"page","link":"https:\/\/matthiasromir.de\/en\/references\/","title":{"rendered":"References"},"content":{"rendered":"<h3>Awards<\/h3>\n<p>Audience Award Herborner Schlumpeweck<br \/>\nHerborn\u00a0\u2013 2014<\/p>\n<p>Superbuffo Award \u2013 2014<\/p>\n<p>1st Jury Award, Europ\u00e4ischer Kleinkunstwettbewerb SurPrize<br \/>\nBolzano, Italy \u2013 2011<\/p>\n<p>Special Award Innovation, Newcomershow<br \/>\nKrystallpallast Variet\u00e9 Leipzig\u00a0\u2013 2009<\/p>\n<p>1. Price International Street Art Competition La Strada<br \/>\nAugsburg \u2013 2008<\/p>\n<button type=\"button\" class=\"btn btn-default btn-mr collapsed\" data-toggle=\"collapse\" data-target=\"#713356503\" aria-expanded=\"false\" aria-controls=\"collapseExample\"><span class=\"glyphicon icon-open-close\" aria-hidden=\"true\"><\/span>more awards<\/button>\r\n  <div class=\"visual-clear\"><\/div>\r\n  <div id=\"713356503\" class=\"collapse\">\n<p>1. Price International Comedy Award Komik&amp;Ko<br \/>\nWiednau\/Lustenau\u2013\u00a0Switzerland\/Austria \u2013 2008<\/p>\n<p>Winner of the\u00a0\u00a0&#8220;F\u00f6rderpreises f\u00fcr pflasterf\u00e4hige Kultur&#8221;<br \/>\nStramu-Festival W\u00fcrzburg\u00a0\u2013 2007<\/p>\n<\/div>\n<h3>Festivals Street Theatre<\/h3>\n<p>Watch This Space Festival \u2013 National Theatre London<\/p>\n<p>Tete A Tete \u2013 Rastatt<\/p>\n<p>Spraoi Festival\u00a0\u2013 Waterford, Irland<\/p>\n<p>La Strada \u2013\u00a0Bremen<\/p>\n<p>ZirkArt Festival \u2013 Forchheim<\/p>\n<button type=\"button\" class=\"btn btn-default btn-mr collapsed\" data-toggle=\"collapse\" data-target=\"#1980846887\" aria-expanded=\"false\" aria-controls=\"collapseExample\"><span class=\"glyphicon icon-open-close\" aria-hidden=\"true\"><\/span>more street theatre<\/button>\r\n  <div class=\"visual-clear\"><\/div>\r\n  <div id=\"1980846887\" class=\"collapse\">\n<p>Hop Hop Hop Festival \u2013\u00a0Metz, Frankreich<\/p>\n<p>Cirkusz \u00e9s Utcasz\u00ednh\u00e1z Fesztiv\u00e1l \u2013 P\u00e9cs, Ungarn<\/p>\n<p>Chalons dans la Rue\u00a0\u2013 Chalons sur Saonne, Frankreich<\/p>\n<p>Encontros do P\u00e9 na Rua \u2013 Penela, Portugal<\/p>\n<p>Cirk Aalst<\/p>\n<p>Festival Buitengewoon \u2013 Doetinchem, Holland<\/p>\n<p>Festival Rodar\u00e1 \u2013 puebla, mexiko<\/p>\n<p>Buskers Bern \u2013 Bern, Schweiz<\/p>\n<p>Asfaltart \u2013 Meran, Italien<\/p>\n<p>Behind the door Festival \u2013 Prag\/Pilsen, Tschechien<\/p>\n<p>und viele weitere&#8230;<\/p>\n<\/div>\n<h3>Festivals Stage<\/h3>\n<p>Nordart Theaterfestival \u2013 Stein am Rhein, Switzerland<\/p>\n<p>Festival Cirq\u00b4ouleur \u2013 Herne<\/p>\n<p>European Juggling Convention \u2013 Vittoria, Spain<\/p>\n<p>Winter Tollwood \u2013 M\u00fcnchen (with The Tiger Lillies\u00b4Freakshow)<\/p>\n<p>Maifestspiele \u2013 Wiesbaden\u00a0(with The Tiger Lillies\u00b4Freakshow)<\/p>\n<button type=\"button\" class=\"btn btn-default btn-mr collapsed\" data-toggle=\"collapse\" data-target=\"#2035791961\" aria-expanded=\"false\" aria-controls=\"collapseExample\"><span class=\"glyphicon icon-open-close\" aria-hidden=\"true\"><\/span>more festivals<\/button>\r\n  <div class=\"visual-clear\"><\/div>\r\n  <div id=\"2035791961\" class=\"collapse\">\n<p>Komik+Ko Festival \u2013 Alpenrhein, Austria\/Switzerland<\/p>\n<p>Festival de Cirque \u2013 Bourgtheroulde, France<\/p>\n<p>Israeli Juggling Convention \u2013 Gan Hashlosha, Israel<\/p>\n<p>Circonvenci\u00f3n Mexicana \u2013 Xilitla, Mexico<\/p>\n<p>Sziget Fesztival \u2013 Budapest, Hungary<\/p>\n<p>Festival Ulicznicy \u2013 Gliwice, Poland<\/p>\n<p>Cyrculacie \u2013 Lublin, Poland<\/p>\n<p>Festival Semaine Du Cirque sous Chapiteau \u2013 Luxembourg<\/p>\n<p>Sibfest International Theatre Festival \u2013 Sibiu, Romania<\/p>\n<p>European Juggling Convention \u2013 Millstreet, Ireland<\/p>\n<p>and many more&#8230;<\/p>\n<\/div>\n<h3>Theatres<\/h3>\n<p>Salz und Pfeffer Theater \u2013 N\u00fcrnberg<\/p>\n<p>Flottmannhallen \u2013 Herne<\/p>\n<p>Teatro de la Ciudad \u2013 Puebla, Mexico<\/p>\n<p>Hessisches Staatstheater \u2013 Wiesbaden (with The Tiger Lillies\u00b4Freakshow)<\/p>\n<p>Nationaltheater \u2013 P\u00e9cs, Hungary (with The Tiger Lillies\u00b4Freakshow)<\/p>\n<button type=\"button\" class=\"btn btn-default btn-mr collapsed\" data-toggle=\"collapse\" data-target=\"#1191501335\" aria-expanded=\"false\" aria-controls=\"collapseExample\"><span class=\"glyphicon icon-open-close\" aria-hidden=\"true\"><\/span>more theatres<\/button>\r\n  <div class=\"visual-clear\"><\/div>\r\n  <div id=\"1191501335\" class=\"collapse\">\n<p>Casino do Lisboa\u00a0(with The Tiger Lillies\u00b4Freakshow)<\/p>\n<p>Badminton Theatre \u2013 Athens (with The Tiger Lillies\u00b4Freakshow)<\/p>\n<p>Savoy Teatteri \u2013 Helsinki (with The Tiger Lillies\u00b4Freakshow)<\/p>\n<p>Theater Carambolage \u2013 Bolzano, Italy<\/p>\n<p>Junges Theater \u2013 Forchheim<\/p>\n<p>Studio Radio Lublin \u2013 Poland<\/p>\n<p>Ambulatorium Theater \u2013 Berlin<\/p>\n<p>Alte M\u00e4lzerei \u2013 Regensburg<\/p>\n<p>KuSch \u2013 Herborn<\/p>\n<p>Kulturbunker \u2013 K\u00f6ln<\/p>\n<p>and many more&#8230;<\/p>\n<\/div>\n<h3>Variet\u00e9<\/h3>\n<p>The Tiger Lillies\u00b4 Freak Show<br \/>\nWintergarten \u2013 Berlin<\/p>\n<p>Excentrique<br \/>\nFriedrichsbau Variet\u00e9 \u2013 Stuttgart<\/p>\n<p>Variet\u00e9 Extra<br \/>\nAlte Knabenschule\u00a0\u2013 Darmstadt<\/p>\n<p>Mr Hobdoblins Wunderwelt<br \/>\nFriedrichsbau Variet\u00e9 \u2013 Stuttgart<\/p>\n<p>Gourmetpalast<br \/>\nHeilbronn<\/p>\n<button type=\"button\" class=\"btn btn-default btn-mr collapsed\" data-toggle=\"collapse\" data-target=\"#1959666594\" aria-expanded=\"false\" aria-controls=\"collapseExample\"><span class=\"glyphicon icon-open-close\" aria-hidden=\"true\"><\/span>more Variet\u00e9<\/button>\r\n  <div class=\"visual-clear\"><\/div>\r\n  <div id=\"1959666594\" class=\"collapse\">\n<p>Schaulust Variet\u00e9<br \/>\nFreudenhaus\u00a0\u2013 Lustenau, Austria<\/p>\n<p>Newcomershow<br \/>\nKrystallpalast \u2013 Leipzig<\/p>\n<p>Varietat<br \/>\nRegensburg<\/p>\n<p>Weihnachtsvariet\u00e9<br \/>\nKulturhof Kosma\u00a0\u2013 Altenburg<\/p>\n<p>Komik+Ko Variet\u00e9<br \/>\nWiednau\/Lustenau\u00a0\u2013 Switzerland\/Austria<\/p>\n<p>KuSch goes Variet\u00e9<br \/>\nKuSch\u00a0\u2013 Herborn<\/p>\n<p>Grober Unfug<br \/>\nTroisdorf<\/p>\n<\/div>\n<h3>Teaching<\/h3>\n<p>Codarts Circus Arts \u2013 Rotterdam, Niederlande<\/p>\n<p>Die Etage \u2013 Berlin<\/p>\n<p>Zirkonvention \u2013 Burg Wahrberg<\/p>\n<p>Fundacji Sztukmistrze \u2013 Lublin, Poland<\/p>\n<p>Circusverein \u2013 Neumarkt<\/p>\n<button type=\"button\" class=\"btn btn-default btn-mr collapsed\" data-toggle=\"collapse\" data-target=\"#135010773\" aria-expanded=\"false\" aria-controls=\"collapseExample\"><span class=\"glyphicon icon-open-close\" aria-hidden=\"true\"><\/span>more Workshops<\/button>\r\n  <div class=\"visual-clear\"><\/div>\r\n  <div id=\"135010773\" class=\"collapse\">\n<p>Kinderzirkus Gecco \u2013 N\u00fcrnberg<\/p>\n<p>Referentenworkshop BG Chemie<\/p>\n<p>Jonglier &amp; Theatertage \u2013 Burgweinting<\/p>\n<\/div>\n<p>&nbsp;<\/p>\n<p>&nbsp;<\/p>\n","protected":false},"excerpt":{"rendered":"<p>Awards Audience Award Herborner Schlumpeweck Herborn\u00a0\u2013 2014 Superbuffo Award \u2013 2014 1st Jury Award, Europ\u00e4ischer Kleinkunstwettbewerb SurPrize Bolzano, Italy \u2013 2011 Special Award Innovation, Newcomershow Krystallpallast Variet\u00e9 Leipzig\u00a0\u2013 2009 1. Price International Street Art Competition La Strada Augsburg \u2013 2008 Festivals Street Theatre Watch This Space Festival \u2013 National Theatre London Tete A Tete \u2013 [&hellip;]<\/p>\n","protected":false},"author":1,"featured_media":0,"parent":0,"menu_order":0,"comment_status":"closed","ping_status":"closed","template":"","meta":{"footnotes":""},"_links":{"self":[{"href":"https:\/\/matthiasromir.de\/en\/wp-json\/wp\/v2\/pages\/677"}],"collection":[{"href":"https:\/\/matthiasromir.de\/en\/wp-json\/wp\/v2\/pages"}],"about":[{"href":"https:\/\/matthiasromir.de\/en\/wp-json\/wp\/v2\/types\/page"}],"author":[{"embeddable":true,"href":"https:\/\/matthiasromir.de\/en\/wp-json\/wp\/v2\/users\/1"}],"replies":[{"embeddable":true,"href":"https:\/\/matthiasromir.de\/en\/wp-json\/wp\/v2\/comments?post=677"}],"version-history":[{"count":5,"href":"https:\/\/matthiasromir.de\/en\/wp-json\/wp\/v2\/pages\/677\/revisions"}],"predecessor-version":[{"id":724,"href":"https:\/\/matthiasromir.de\/en\/wp-json\/wp\/v2\/pages\/677\/revisions\/724"}],"wp:attachment":[{"href":"https:\/\/matthiasromir.de\/en\/wp-json\/wp\/v2\/media?parent=677"}],"curies":[{"name":"wp","href":"https:\/\/api.w.org\/{rel}","templated":true}]}}